{"id":490,"date":"2024-09-24T12:15:18","date_gmt":"2024-09-24T10:15:18","guid":{"rendered":"http:\/\/www.hanaconsult.sk\/hana\/?page_id=490"},"modified":"2024-09-25T10:35:05","modified_gmt":"2024-09-25T08:35:05","slug":"490-2","status":"publish","type":"page","link":"http:\/\/www.hanaconsult.sk\/hana\/490-2\/","title":{"rendered":"PROFIL"},"content":{"rendered":"\n<div class=\"wp-block-columns alignwide is-layout-flex wp-container-core-columns-is-layout-2 wp-block-columns-is-layout-flex\">\n<div class=\"wp-block-column is-layout-flow wp-block-column-is-layout-flow\" style=\"flex-basis:100%\">\n<div class=\"wp-block-columns is-layout-flex wp-container-core-columns-is-layout-1 wp-block-columns-is-layout-flex\">\n<div class=\"wp-block-column has-custom-color-2-background-color has-background is-layout-flow wp-block-column-is-layout-flow\">\n<p class=\"has-text-align-center\"><\/p>\n\n\n\n<p><\/p>\n\n\n\n<figure class=\"wp-block-image alignright size-full is-resized has-custom-border\"><a href=\"http:\/\/www.hanaconsult.sk\/hana\/wp-content\/uploads\/fotka_lucia_hanusova.jpg\"><img fetchpriority=\"high\" decoding=\"async\" width=\"720\" height=\"720\" src=\"http:\/\/www.hanaconsult.sk\/hana\/wp-content\/uploads\/fotka_lucia_hanusova.jpg\" alt=\"\" class=\"has-border-color has-custom-color-2-border-color wp-image-431\" style=\"border-width:33px;border-radius:0px;width:430px;height:auto\" srcset=\"http:\/\/www.hanaconsult.sk\/hana\/wp-content\/uploads\/fotka_lucia_hanusova.jpg 720w, http:\/\/www.hanaconsult.sk\/hana\/wp-content\/uploads\/fotka_lucia_hanusova-300x300.jpg 300w, http:\/\/www.hanaconsult.sk\/hana\/wp-content\/uploads\/fotka_lucia_hanusova-150x150.jpg 150w\" sizes=\"(max-width: 720px) 100vw, 720px\" \/><\/a><\/figure>\n\n\n\n<p class=\"has-custom-color-1-color has-text-color has-link-color wp-elements-20c21428b2180e5e01183e8e75fb9142\" style=\"padding-left:var(--wp--preset--spacing--30);font-size:clamp(0.875rem, 0.875rem + ((1vw - 0.2rem) * 0.375), 1.1rem);\"><strong>HA-NA CONSULT, s.r.o. poskytuje :<\/strong><\/p>\n\n\n\n<p class=\"has-base-2-color has-text-color has-link-color wp-elements-9899bffdf41b72cb21460a4d67c61a46\" style=\"padding-top:0px;padding-left:var(--wp--preset--spacing--20)\">&#8211; \u00da\u010dtovn\u00e9 slu\u017eby \u2013 kompletn\u00e9 vedenie a&nbsp;spracovanie podvojn\u00e9ho a&nbsp;jednoduch\u00e9ho \u00fa\u010dtovn\u00edctva pre podnikate\u013esk\u00e9 subjekty pr\u00edpadne in\u00e9 \u00fa\u010dtovn\u00e9 jednotky<\/p>\n\n\n\n<p class=\"has-base-2-color has-text-color has-link-color wp-elements-f4c59993a1fb99a294d8978bab79ff51\" style=\"padding-top:0px;padding-left:var(--wp--preset--spacing--20)\">&#8211; Personalistiku a&nbsp;mzdov\u00e9 slu\u017eby<\/p>\n\n\n\n<p class=\"has-base-2-color has-text-color has-link-color wp-elements-54edb801e962e459c1b4f1cb52885e6e\" style=\"padding-top:0px;padding-right:var(--wp--preset--spacing--60);padding-left:var(--wp--preset--spacing--20)\">&#8211; \u00da\u010dtovn\u00e9 , ekonomick\u00e9 a&nbsp;organiza\u010dn\u00e9 poradenstvo \u2013 st\u00e1lym klientom poskytujeme individu\u00e1lny pr\u00edstup a&nbsp;inform\u00e1cie o&nbsp;aktu\u00e1lnych zmen\u00e1ch po\u010das \u00fa\u010dtovn\u00e9ho obdobia<\/p>\n\n\n\n<p class=\"has-text-align-left has-base-2-color has-text-color has-link-color wp-elements-411cbd6aa42697d2e74d67d92fb089db\" style=\"padding-left:var(--wp--preset--spacing--30)\"><strong>Z\u00e1rukou kvality poskytovan\u00fdch \u00fa\u010dtovn\u00fdch slu\u017eieb s\u00fa vedomosti a&nbsp;sk\u00fasenosti konate\u013eky z\u00edskan\u00e9 dlhoro\u010dnou praxou v&nbsp;slovensk\u00fdch spolo\u010dnostiach ako aj vzdel\u00e1vanie v&nbsp;oblasti \u00fa\u010dtovn\u00edctva<\/strong><\/p>\n\n\n\n<p class=\"has-base-2-color has-text-color has-link-color wp-elements-2fa28b1efb50631ef3ba04b4dd351f3e\" style=\"margin-bottom:var(--wp--preset--spacing--40);margin-left:var(--wp--preset--spacing--20);line-height:1.7\">&#8211; V&nbsp;rokoch 2000-2010 absolvovala odborn\u00e9 vzdel\u00e1vanie v&nbsp;r\u00e1mci \u201e Projektu certifik\u00e1cie profesie \u00fa\u010dtovn\u00edk v&nbsp;SR \u201e realizovan\u00e9 Slovenskou komorou certifikovan\u00fdch \u00fa\u010dtovn\u00edkov (<a href=\"http:\/\/www.skcu.sk\">skcu.sk<\/a>). Postupne dosiahla v\u0161etky tri stupne uveden\u00e9ho vzdel\u00e1vania , vr\u00e1tane najvy\u0161\u0161ieho stup\u0148a \u201e \u00fa\u010dtovn\u00edk expert\u201c                 &#8211; Je \u010dlenkou Slovenskej komory certifikovan\u00fdch \u00fa\u010dtovn\u00edkov. (<a href=\"http:\/\/www.skcu.sk\">www.skcu.sk<\/a>)                                                                                                                                                                   &#8211; Neust\u00e1le zvy\u0161uje svoju odborn\u00fa \u00farove\u0148 v oblasti \u00fa\u010dtov\u00edctva formou \u00fa\u010dasti na odborn\u00fdch \u0161koleniach a semin\u00e1roch               <\/p>\n<\/div>\n<\/div>\n\n\n\n<p style=\"padding-right:0;padding-bottom:0\"><\/p>\n\n\n\n<p><\/p>\n\n\n\n<p><\/p>\n<\/div>\n<\/div>\n\n\n\n<p><\/p>\n","protected":false},"excerpt":{"rendered":"<p>HA-NA CONSULT, s.r.o. poskytuje : &#8211; \u00da\u010dtovn\u00e9 slu\u017eby \u2013 kompletn\u00e9 vedenie a&nbsp;spracovanie podvojn\u00e9ho a&nbsp;jednoduch\u00e9ho \u00fa\u010dtovn\u00edctva pre podnikate\u013esk\u00e9 subjekty pr\u00edpadne in\u00e9 \u00fa\u010dtovn\u00e9 jednotky &#8211; Personalistiku a&nbsp;mzdov\u00e9 slu\u017eby &#8211; \u00da\u010dtovn\u00e9 , ekonomick\u00e9 a&nbsp;organiza\u010dn\u00e9 poradenstvo \u2013 st\u00e1lym klientom poskytujeme individu\u00e1lny pr\u00edstup a&nbsp;inform\u00e1cie o&nbsp;aktu\u00e1lnych zmen\u00e1ch po\u010das \u00fa\u010dtovn\u00e9ho obdobia Z\u00e1rukou kvality poskytovan\u00fdch \u00fa\u010dtovn\u00fdch slu\u017eieb s\u00fa vedomosti a&nbsp;sk\u00fasenosti konate\u013eky z\u00edskan\u00e9 dlhoro\u010dnou [&hellip;]<\/p>\n","protected":false},"author":2,"featured_media":0,"parent":0,"menu_order":0,"comment_status":"closed","ping_status":"closed","template":"sede","meta":{"_themeisle_gutenberg_block_has_review":false,"footnotes":""},"class_list":["post-490","page","type-page","status-publish","hentry"],"yoast_head":"<!-- This site is optimized with the Yoast SEO plugin v23.4 - https:\/\/yoast.com\/wordpress\/plugins\/seo\/ -->\n<title>PROFIL -<\/title>\n<meta name=\"robots\" content=\"index, follow, max-snippet:-1, max-image-preview:large, max-video-preview:-1\" \/>\n<link rel=\"canonical\" href=\"http:\/\/www.hanaconsult.sk\/hana\/490-2\/\" \/>\n<meta property=\"og:locale\" content=\"sk_SK\" \/>\n<meta property=\"og:type\" content=\"article\" \/>\n<meta property=\"og:title\" content=\"PROFIL -\" \/>\n<meta property=\"og:description\" content=\"HA-NA CONSULT, s.r.o. poskytuje : &#8211; \u00da\u010dtovn\u00e9 slu\u017eby \u2013 kompletn\u00e9 vedenie a&nbsp;spracovanie podvojn\u00e9ho a&nbsp;jednoduch\u00e9ho \u00fa\u010dtovn\u00edctva pre podnikate\u013esk\u00e9 subjekty pr\u00edpadne in\u00e9 \u00fa\u010dtovn\u00e9 jednotky &#8211; Personalistiku a&nbsp;mzdov\u00e9 slu\u017eby &#8211; \u00da\u010dtovn\u00e9 , ekonomick\u00e9 a&nbsp;organiza\u010dn\u00e9 poradenstvo \u2013 st\u00e1lym klientom poskytujeme individu\u00e1lny pr\u00edstup a&nbsp;inform\u00e1cie o&nbsp;aktu\u00e1lnych zmen\u00e1ch po\u010das \u00fa\u010dtovn\u00e9ho obdobia Z\u00e1rukou kvality poskytovan\u00fdch \u00fa\u010dtovn\u00fdch slu\u017eieb s\u00fa vedomosti a&nbsp;sk\u00fasenosti konate\u013eky z\u00edskan\u00e9 dlhoro\u010dnou [&hellip;]\" \/>\n<meta property=\"og:url\" content=\"http:\/\/www.hanaconsult.sk\/hana\/490-2\/\" \/>\n<meta property=\"article:modified_time\" content=\"2024-09-25T08:35:05+00:00\" \/>\n<meta property=\"og:image\" content=\"http:\/\/www.hanaconsult.sk\/hana\/wp-content\/uploads\/fotka_lucia_hanusova.jpg\" \/>\n<meta name=\"twitter:card\" content=\"summary_large_image\" \/>\n<meta name=\"twitter:label1\" content=\"Predpokladan\u00fd \u010das \u010d\u00edtania\" \/>\n\t<meta name=\"twitter:data1\" content=\"1 min\u00fata\" \/>\n<script type=\"application\/ld+json\" class=\"yoast-schema-graph\">{\"@context\":\"https:\/\/schema.org\",\"@graph\":[{\"@type\":\"WebPage\",\"@id\":\"http:\/\/www.hanaconsult.sk\/hana\/490-2\/\",\"url\":\"http:\/\/www.hanaconsult.sk\/hana\/490-2\/\",\"name\":\"PROFIL -\",\"isPartOf\":{\"@id\":\"https:\/\/www.hanaconsult.sk\/hana\/#website\"},\"primaryImageOfPage\":{\"@id\":\"http:\/\/www.hanaconsult.sk\/hana\/490-2\/#primaryimage\"},\"image\":{\"@id\":\"http:\/\/www.hanaconsult.sk\/hana\/490-2\/#primaryimage\"},\"thumbnailUrl\":\"http:\/\/www.hanaconsult.sk\/hana\/wp-content\/uploads\/fotka_lucia_hanusova.jpg\",\"datePublished\":\"2024-09-24T10:15:18+00:00\",\"dateModified\":\"2024-09-25T08:35:05+00:00\",\"breadcrumb\":{\"@id\":\"http:\/\/www.hanaconsult.sk\/hana\/490-2\/#breadcrumb\"},\"inLanguage\":\"sk-SK\",\"potentialAction\":[{\"@type\":\"ReadAction\",\"target\":[\"http:\/\/www.hanaconsult.sk\/hana\/490-2\/\"]}]},{\"@type\":\"ImageObject\",\"inLanguage\":\"sk-SK\",\"@id\":\"http:\/\/www.hanaconsult.sk\/hana\/490-2\/#primaryimage\",\"url\":\"http:\/\/www.hanaconsult.sk\/hana\/wp-content\/uploads\/fotka_lucia_hanusova.jpg\",\"contentUrl\":\"http:\/\/www.hanaconsult.sk\/hana\/wp-content\/uploads\/fotka_lucia_hanusova.jpg\"},{\"@type\":\"BreadcrumbList\",\"@id\":\"http:\/\/www.hanaconsult.sk\/hana\/490-2\/#breadcrumb\",\"itemListElement\":[{\"@type\":\"ListItem\",\"position\":1,\"name\":\"Domovsk\u00e1 str\u00e1nka\",\"item\":\"https:\/\/www.hanaconsult.sk\/hana\/\"},{\"@type\":\"ListItem\",\"position\":2,\"name\":\"PROFIL\"}]},{\"@type\":\"WebSite\",\"@id\":\"https:\/\/www.hanaconsult.sk\/hana\/#website\",\"url\":\"https:\/\/www.hanaconsult.sk\/hana\/\",\"name\":\"\",\"description\":\"\",\"potentialAction\":[{\"@type\":\"SearchAction\",\"target\":{\"@type\":\"EntryPoint\",\"urlTemplate\":\"https:\/\/www.hanaconsult.sk\/hana\/?s={search_term_string}\"},\"query-input\":{\"@type\":\"PropertyValueSpecification\",\"valueRequired\":true,\"valueName\":\"search_term_string\"}}],\"inLanguage\":\"sk-SK\"}]}<\/script>\n<!-- \/ Yoast SEO plugin. -->","yoast_head_json":{"title":"PROFIL -","robots":{"index":"index","follow":"follow","max-snippet":"max-snippet:-1","max-image-preview":"max-image-preview:large","max-video-preview":"max-video-preview:-1"},"canonical":"http:\/\/www.hanaconsult.sk\/hana\/490-2\/","og_locale":"sk_SK","og_type":"article","og_title":"PROFIL -","og_description":"HA-NA CONSULT, s.r.o. poskytuje : &#8211; \u00da\u010dtovn\u00e9 slu\u017eby \u2013 kompletn\u00e9 vedenie a&nbsp;spracovanie podvojn\u00e9ho a&nbsp;jednoduch\u00e9ho \u00fa\u010dtovn\u00edctva pre podnikate\u013esk\u00e9 subjekty pr\u00edpadne in\u00e9 \u00fa\u010dtovn\u00e9 jednotky &#8211; Personalistiku a&nbsp;mzdov\u00e9 slu\u017eby &#8211; \u00da\u010dtovn\u00e9 , ekonomick\u00e9 a&nbsp;organiza\u010dn\u00e9 poradenstvo \u2013 st\u00e1lym klientom poskytujeme individu\u00e1lny pr\u00edstup a&nbsp;inform\u00e1cie o&nbsp;aktu\u00e1lnych zmen\u00e1ch po\u010das \u00fa\u010dtovn\u00e9ho obdobia Z\u00e1rukou kvality poskytovan\u00fdch \u00fa\u010dtovn\u00fdch slu\u017eieb s\u00fa vedomosti a&nbsp;sk\u00fasenosti konate\u013eky z\u00edskan\u00e9 dlhoro\u010dnou [&hellip;]","og_url":"http:\/\/www.hanaconsult.sk\/hana\/490-2\/","article_modified_time":"2024-09-25T08:35:05+00:00","og_image":[{"url":"http:\/\/www.hanaconsult.sk\/hana\/wp-content\/uploads\/fotka_lucia_hanusova.jpg"}],"twitter_card":"summary_large_image","twitter_misc":{"Predpokladan\u00fd \u010das \u010d\u00edtania":"1 min\u00fata"},"schema":{"@context":"https:\/\/schema.org","@graph":[{"@type":"WebPage","@id":"http:\/\/www.hanaconsult.sk\/hana\/490-2\/","url":"http:\/\/www.hanaconsult.sk\/hana\/490-2\/","name":"PROFIL -","isPartOf":{"@id":"https:\/\/www.hanaconsult.sk\/hana\/#website"},"primaryImageOfPage":{"@id":"http:\/\/www.hanaconsult.sk\/hana\/490-2\/#primaryimage"},"image":{"@id":"http:\/\/www.hanaconsult.sk\/hana\/490-2\/#primaryimage"},"thumbnailUrl":"http:\/\/www.hanaconsult.sk\/hana\/wp-content\/uploads\/fotka_lucia_hanusova.jpg","datePublished":"2024-09-24T10:15:18+00:00","dateModified":"2024-09-25T08:35:05+00:00","breadcrumb":{"@id":"http:\/\/www.hanaconsult.sk\/hana\/490-2\/#breadcrumb"},"inLanguage":"sk-SK","potentialAction":[{"@type":"ReadAction","target":["http:\/\/www.hanaconsult.sk\/hana\/490-2\/"]}]},{"@type":"ImageObject","inLanguage":"sk-SK","@id":"http:\/\/www.hanaconsult.sk\/hana\/490-2\/#primaryimage","url":"http:\/\/www.hanaconsult.sk\/hana\/wp-content\/uploads\/fotka_lucia_hanusova.jpg","contentUrl":"http:\/\/www.hanaconsult.sk\/hana\/wp-content\/uploads\/fotka_lucia_hanusova.jpg"},{"@type":"BreadcrumbList","@id":"http:\/\/www.hanaconsult.sk\/hana\/490-2\/#breadcrumb","itemListElement":[{"@type":"ListItem","position":1,"name":"Domovsk\u00e1 str\u00e1nka","item":"https:\/\/www.hanaconsult.sk\/hana\/"},{"@type":"ListItem","position":2,"name":"PROFIL"}]},{"@type":"WebSite","@id":"https:\/\/www.hanaconsult.sk\/hana\/#website","url":"https:\/\/www.hanaconsult.sk\/hana\/","name":"","description":"","potentialAction":[{"@type":"SearchAction","target":{"@type":"EntryPoint","urlTemplate":"https:\/\/www.hanaconsult.sk\/hana\/?s={search_term_string}"},"query-input":{"@type":"PropertyValueSpecification","valueRequired":true,"valueName":"search_term_string"}}],"inLanguage":"sk-SK"}]}},"_links":{"self":[{"href":"http:\/\/www.hanaconsult.sk\/hana\/wp-json\/wp\/v2\/pages\/490"}],"collection":[{"href":"http:\/\/www.hanaconsult.sk\/hana\/wp-json\/wp\/v2\/pages"}],"about":[{"href":"http:\/\/www.hanaconsult.sk\/hana\/wp-json\/wp\/v2\/types\/page"}],"author":[{"embeddable":true,"href":"http:\/\/www.hanaconsult.sk\/hana\/wp-json\/wp\/v2\/users\/2"}],"replies":[{"embeddable":true,"href":"http:\/\/www.hanaconsult.sk\/hana\/wp-json\/wp\/v2\/comments?post=490"}],"version-history":[{"count":11,"href":"http:\/\/www.hanaconsult.sk\/hana\/wp-json\/wp\/v2\/pages\/490\/revisions"}],"predecessor-version":[{"id":601,"href":"http:\/\/www.hanaconsult.sk\/hana\/wp-json\/wp\/v2\/pages\/490\/revisions\/601"}],"wp:attachment":[{"href":"http:\/\/www.hanaconsult.sk\/hana\/wp-json\/wp\/v2\/media?parent=490"}],"curies":[{"name":"wp","href":"https:\/\/api.w.org\/{rel}","templated":true}]}}