{"id":30,"date":"2014-09-28T13:39:26","date_gmt":"2014-09-28T11:39:26","guid":{"rendered":"http:\/\/www.mdv.sk\/hana\/?page_id=30"},"modified":"2024-09-25T15:46:08","modified_gmt":"2024-09-25T13:46:08","slug":"kontakt","status":"publish","type":"page","link":"http:\/\/www.hanaconsult.sk\/hana\/kontakt\/","title":{"rendered":"KONTAKT"},"content":{"rendered":"\n<p><\/p>\n\n\n\n<p>&nbsp;<\/p>\n\n\n\n<div class=\"wp-block-columns alignwide is-layout-flex wp-container-core-columns-is-layout-1 wp-block-columns-is-layout-flex\">\n<div class=\"wp-block-column is-layout-flow wp-block-column-is-layout-flow\" style=\"padding-top:var(--wp--preset--spacing--40);padding-bottom:var(--wp--preset--spacing--30);padding-left:var(--wp--preset--spacing--20)\">\n<p class=\"has-custom-color-1-color has-text-color has-link-color wp-elements-0bf0ff7d70a02393357156826b13e71a\" style=\"font-size:clamp(14px, 0.875rem + ((1vw - 3.2px) * 0.625), 20px);\"><strong>HA-NA CONSULT,&nbsp;s.r.o.<\/strong><\/p>\n\n\n\n<p>\u017ditn\u00e1 44, 831 06 Bratislava<\/p>\n\n\n\n<p>Konate\u013eka : Mgr. Lucia&nbsp; Hanusov\u00e1<\/p>\n\n\n\n<p style=\"padding-top:0;padding-bottom:0\">Mobil: 0905341964<\/p>\n\n\n\n<p>Email: <a href=\"mailto:lucia@hanaconsult.sk\">lucia@hanaconsult.sk<\/a><\/p>\n\n\n\n<p class=\"has-custom-color-1-color has-text-color has-link-color wp-elements-6f00b96e6f367bb91e00025131c5f718\" style=\"font-size:clamp(14px, 0.875rem + ((1vw - 3.2px) * 0.625), 20px);\"><strong>Prev\u00e1dzka: Mudrochova 2, Hotel Bar\u00f3nka,&nbsp; 831 06 Bratislava<\/strong><\/p>\n<\/div>\n\n\n\n<div class=\"wp-block-column is-layout-flow wp-block-column-is-layout-flow\" style=\"padding-top:var(--wp--preset--spacing--20);padding-right:0;padding-bottom:var(--wp--preset--spacing--60);padding-left:0\">\n<p style=\"padding-left:0\"><iframe style=\"border: 0;\" src=\"https:\/\/www.google.com\/maps\/embed?pb=!1m18!1m12!1m3!1d2658.7291110311785!2d17.150810815098104!3d48.21183345396603!2m3!1f0!2f0!3f0!3m2!1i1024!2i768!4f13.1!3m3!1m2!1s0x476c8e6dcc2e770b%3A0xc46e5f43c6e8623a!2sMudrochova+7512%2F2%2C+831+06+Bratislava!5e0!3m2!1ssk!2ssk!4v1509296197570\" width=\"400\" height=\"300\" frameborder=\"0\" allowfullscreen=\"allowfullscreen\"><\/iframe><\/p>\n<\/div>\n<\/div>\n\n\n\n<p><\/p>\n","protected":false},"excerpt":{"rendered":"<p>&nbsp; HA-NA CONSULT,&nbsp;s.r.o. \u017ditn\u00e1 44, 831 06 Bratislava Konate\u013eka : Mgr. Lucia&nbsp; Hanusov\u00e1 Mobil: 0905341964 Email: lucia@hanaconsult.sk Prev\u00e1dzka: Mudrochova 2, Hotel Bar\u00f3nka,&nbsp; 831 06 Bratislava<\/p>\n","protected":false},"author":2,"featured_media":0,"parent":0,"menu_order":0,"comment_status":"closed","ping_status":"closed","template":"","meta":{"_themeisle_gutenberg_block_has_review":false,"footnotes":""},"class_list":["post-30","page","type-page","status-publish","hentry"],"yoast_head":"<!-- This site is optimized with the Yoast SEO plugin v23.4 - https:\/\/yoast.com\/wordpress\/plugins\/seo\/ -->\n<title>KONTAKT -<\/title>\n<meta name=\"robots\" content=\"index, follow, max-snippet:-1, max-image-preview:large, max-video-preview:-1\" \/>\n<link rel=\"canonical\" href=\"http:\/\/www.hanaconsult.sk\/hana\/kontakt\/\" \/>\n<meta property=\"og:locale\" content=\"sk_SK\" \/>\n<meta property=\"og:type\" content=\"article\" \/>\n<meta property=\"og:title\" content=\"KONTAKT -\" \/>\n<meta property=\"og:description\" content=\"&nbsp; HA-NA CONSULT,&nbsp;s.r.o. \u017ditn\u00e1 44, 831 06 Bratislava Konate\u013eka : Mgr. Lucia&nbsp; Hanusov\u00e1 Mobil: 0905341964 Email: lucia@hanaconsult.sk Prev\u00e1dzka: Mudrochova 2, Hotel Bar\u00f3nka,&nbsp; 831 06 Bratislava\" \/>\n<meta property=\"og:url\" content=\"http:\/\/www.hanaconsult.sk\/hana\/kontakt\/\" \/>\n<meta property=\"article:modified_time\" content=\"2024-09-25T13:46:08+00:00\" \/>\n<meta name=\"twitter:card\" content=\"summary_large_image\" \/>\n<meta name=\"twitter:label1\" content=\"Predpokladan\u00fd \u010das \u010d\u00edtania\" \/>\n\t<meta name=\"twitter:data1\" content=\"1 min\u00fata\" \/>\n<script type=\"application\/ld+json\" class=\"yoast-schema-graph\">{\"@context\":\"https:\/\/schema.org\",\"@graph\":[{\"@type\":\"WebPage\",\"@id\":\"http:\/\/www.hanaconsult.sk\/hana\/kontakt\/\",\"url\":\"http:\/\/www.hanaconsult.sk\/hana\/kontakt\/\",\"name\":\"KONTAKT -\",\"isPartOf\":{\"@id\":\"http:\/\/www.hanaconsult.sk\/hana\/#website\"},\"datePublished\":\"2014-09-28T11:39:26+00:00\",\"dateModified\":\"2024-09-25T13:46:08+00:00\",\"breadcrumb\":{\"@id\":\"http:\/\/www.hanaconsult.sk\/hana\/kontakt\/#breadcrumb\"},\"inLanguage\":\"sk-SK\",\"potentialAction\":[{\"@type\":\"ReadAction\",\"target\":[\"http:\/\/www.hanaconsult.sk\/hana\/kontakt\/\"]}]},{\"@type\":\"BreadcrumbList\",\"@id\":\"http:\/\/www.hanaconsult.sk\/hana\/kontakt\/#breadcrumb\",\"itemListElement\":[{\"@type\":\"ListItem\",\"position\":1,\"name\":\"Domovsk\u00e1 str\u00e1nka\",\"item\":\"http:\/\/www.hanaconsult.sk\/hana\/\"},{\"@type\":\"ListItem\",\"position\":2,\"name\":\"KONTAKT\"}]},{\"@type\":\"WebSite\",\"@id\":\"http:\/\/www.hanaconsult.sk\/hana\/#website\",\"url\":\"http:\/\/www.hanaconsult.sk\/hana\/\",\"name\":\"\",\"description\":\"\",\"potentialAction\":[{\"@type\":\"SearchAction\",\"target\":{\"@type\":\"EntryPoint\",\"urlTemplate\":\"http:\/\/www.hanaconsult.sk\/hana\/?s={search_term_string}\"},\"query-input\":{\"@type\":\"PropertyValueSpecification\",\"valueRequired\":true,\"valueName\":\"search_term_string\"}}],\"inLanguage\":\"sk-SK\"}]}<\/script>\n<!-- \/ Yoast SEO plugin. -->","yoast_head_json":{"title":"KONTAKT -","robots":{"index":"index","follow":"follow","max-snippet":"max-snippet:-1","max-image-preview":"max-image-preview:large","max-video-preview":"max-video-preview:-1"},"canonical":"http:\/\/www.hanaconsult.sk\/hana\/kontakt\/","og_locale":"sk_SK","og_type":"article","og_title":"KONTAKT -","og_description":"&nbsp; HA-NA CONSULT,&nbsp;s.r.o. \u017ditn\u00e1 44, 831 06 Bratislava Konate\u013eka : Mgr. Lucia&nbsp; Hanusov\u00e1 Mobil: 0905341964 Email: lucia@hanaconsult.sk Prev\u00e1dzka: Mudrochova 2, Hotel Bar\u00f3nka,&nbsp; 831 06 Bratislava","og_url":"http:\/\/www.hanaconsult.sk\/hana\/kontakt\/","article_modified_time":"2024-09-25T13:46:08+00:00","twitter_card":"summary_large_image","twitter_misc":{"Predpokladan\u00fd \u010das \u010d\u00edtania":"1 min\u00fata"},"schema":{"@context":"https:\/\/schema.org","@graph":[{"@type":"WebPage","@id":"http:\/\/www.hanaconsult.sk\/hana\/kontakt\/","url":"http:\/\/www.hanaconsult.sk\/hana\/kontakt\/","name":"KONTAKT -","isPartOf":{"@id":"http:\/\/www.hanaconsult.sk\/hana\/#website"},"datePublished":"2014-09-28T11:39:26+00:00","dateModified":"2024-09-25T13:46:08+00:00","breadcrumb":{"@id":"http:\/\/www.hanaconsult.sk\/hana\/kontakt\/#breadcrumb"},"inLanguage":"sk-SK","potentialAction":[{"@type":"ReadAction","target":["http:\/\/www.hanaconsult.sk\/hana\/kontakt\/"]}]},{"@type":"BreadcrumbList","@id":"http:\/\/www.hanaconsult.sk\/hana\/kontakt\/#breadcrumb","itemListElement":[{"@type":"ListItem","position":1,"name":"Domovsk\u00e1 str\u00e1nka","item":"http:\/\/www.hanaconsult.sk\/hana\/"},{"@type":"ListItem","position":2,"name":"KONTAKT"}]},{"@type":"WebSite","@id":"http:\/\/www.hanaconsult.sk\/hana\/#website","url":"http:\/\/www.hanaconsult.sk\/hana\/","name":"","description":"","potentialAction":[{"@type":"SearchAction","target":{"@type":"EntryPoint","urlTemplate":"http:\/\/www.hanaconsult.sk\/hana\/?s={search_term_string}"},"query-input":{"@type":"PropertyValueSpecification","valueRequired":true,"valueName":"search_term_string"}}],"inLanguage":"sk-SK"}]}},"_links":{"self":[{"href":"http:\/\/www.hanaconsult.sk\/hana\/wp-json\/wp\/v2\/pages\/30"}],"collection":[{"href":"http:\/\/www.hanaconsult.sk\/hana\/wp-json\/wp\/v2\/pages"}],"about":[{"href":"http:\/\/www.hanaconsult.sk\/hana\/wp-json\/wp\/v2\/types\/page"}],"author":[{"embeddable":true,"href":"http:\/\/www.hanaconsult.sk\/hana\/wp-json\/wp\/v2\/users\/2"}],"replies":[{"embeddable":true,"href":"http:\/\/www.hanaconsult.sk\/hana\/wp-json\/wp\/v2\/comments?post=30"}],"version-history":[{"count":36,"href":"http:\/\/www.hanaconsult.sk\/hana\/wp-json\/wp\/v2\/pages\/30\/revisions"}],"predecessor-version":[{"id":641,"href":"http:\/\/www.hanaconsult.sk\/hana\/wp-json\/wp\/v2\/pages\/30\/revisions\/641"}],"wp:attachment":[{"href":"http:\/\/www.hanaconsult.sk\/hana\/wp-json\/wp\/v2\/media?parent=30"}],"curies":[{"name":"wp","href":"https:\/\/api.w.org\/{rel}","templated":true}]}}