{"id":28,"date":"2014-09-28T13:37:52","date_gmt":"2014-09-28T11:37:52","guid":{"rendered":"http:\/\/www.mdv.sk\/hana\/?page_id=28"},"modified":"2024-09-25T11:39:32","modified_gmt":"2024-09-25T09:39:32","slug":"dolezite-linky","status":"publish","type":"page","link":"http:\/\/www.hanaconsult.sk\/hana\/dolezite-linky\/","title":{"rendered":"D\u00d4LE\u017dIT\u00c9 LINKY"},"content":{"rendered":"\n<figure class=\"wp-block-table is-style-stripes o-anim-hover o-typing-delay-500ms o-typing-slower\" style=\"padding-top:var(--wp--preset--spacing--40);padding-bottom:var(--wp--preset--spacing--40);line-height:2\"><table class=\"has-fixed-layout\"><tbody><tr><td>Finan\u010dn\u00fd poradca<\/td><td><a href=\"http:\/\/www.financegov.sk\" target=\"_blank\" rel=\"noreferrer noopener\"><strong><mark style=\"background-color:rgba(0, 0, 0, 0)\" class=\"has-inline-color has-custom-color-1-color\">www.financegov.sk<\/mark><\/strong><\/a><\/td><\/tr><tr><td>Da\u0148ov\u00e9 riadite\u013estvo<\/td><td><a href=\"http:\/\/www.drsr.sk\" target=\"_blank\" rel=\"noreferrer noopener\"><strong><mark style=\"background-color:rgba(0, 0, 0, 0)\" class=\"has-inline-color has-custom-color-2-color\">www.financnasprava.sk<\/mark><\/strong><\/a><\/td><\/tr><tr><td>Soci\u00e1lna pois\u0165ov\u0148a<\/td><td><a href=\"http:\/\/www.socpoist.sk\" target=\"_blank\" rel=\"noreferrer noopener\"><mark style=\"background-color:rgba(0, 0, 0, 0)\" class=\"has-inline-color has-custom-color-1-color\"><strong>www.socpoist.sk<\/strong><\/mark><\/a><\/td><\/tr><tr><td>V\u0160ZP, a.s.<\/td><td><a href=\"http:\/\/www.vszp.sk\" target=\"_blank\" rel=\"noreferrer noopener\"><strong><mark style=\"background-color:rgba(0, 0, 0, 0)\" class=\"has-inline-color has-custom-color-2-color\">www.vszp.sk<\/mark><\/strong><\/a><\/td><\/tr><tr><td>D\u00f4vera ZP,a.s.<\/td><td><a href=\"http:\/\/www.dovera.sk\" target=\"_blank\" rel=\"noreferrer noopener\"><strong><mark style=\"background-color:rgba(0, 0, 0, 0)\" class=\"has-inline-color has-custom-color-1-color\">www.dovera.sk<\/mark><\/strong><\/a><\/td><\/tr><tr><td>Union ZP,a.s.<\/td><td><a href=\"http:\/\/www.unionzp.sk\"><strong><mark style=\"background-color:rgba(0, 0, 0, 0)\" class=\"has-inline-color has-custom-color-2-color\">www.unionzp.sk<\/mark><\/strong><\/a><\/td><\/tr><tr><td>Zbierky z\u00e1konov<\/td><td><a href=\"http:\/\/www.zbierka.sk\" target=\"_blank\" rel=\"noreferrer noopener\"><strong><mark style=\"background-color:rgba(0, 0, 0, 0)\" class=\"has-inline-color has-custom-color-1-color\">www.zbierka.sk<\/mark><\/strong><\/a><\/td><\/tr><tr><td>Obchodn\u00fd register SR<\/td><td><a href=\"http:\/\/www.orsr.sk\" target=\"_blank\" rel=\"noreferrer noopener\"><strong><mark style=\"background-color:rgba(0, 0, 0, 0)\" class=\"has-inline-color has-custom-color-2-color\">www.orsr.sk<\/mark><\/strong><\/a><\/td><\/tr><tr><td>\u017divnostensk\u00fd register SR<\/td><td><a href=\"http:\/\/www.zrsr.sk\" target=\"_blank\" rel=\"noreferrer noopener\"><strong><mark style=\"background-color:rgba(0, 0, 0, 0)\" class=\"has-inline-color has-custom-color-1-color\">www.zrsr.sk<\/mark><\/strong><\/a><\/td><\/tr><tr><td>Obchodn\u00fd vestn\u00edk<\/td><td><a href=\"http:\/\/www.justicegov.sk\" target=\"_blank\" rel=\"noreferrer noopener\"><strong><mark style=\"background-color:rgba(0, 0, 0, 0)\" class=\"has-inline-color has-custom-color-2-color\">www.justicegov.sk<\/mark><\/strong><\/a><\/td><\/tr><tr><td>Poradca podnikate\u013ea<\/td><td><a href=\"http:\/\/www.i-poradca.sk\" target=\"_blank\" rel=\"noreferrer noopener\"><strong><mark style=\"background-color:rgba(0, 0, 0, 0)\" class=\"has-inline-color has-custom-color-1-color\">www.i-poradca.sk<\/mark><\/strong><\/a><\/td><\/tr><tr><td>Poradca s.r.o.<\/td><td><a href=\"http:\/\/www.epi.sk\" target=\"_blank\" rel=\"noreferrer noopener\"><strong><mark style=\"background-color:rgba(0, 0, 0, 0)\" class=\"has-inline-color has-custom-color-2-color\">www.epi.sk<\/mark><\/strong><\/a><\/td><\/tr><tr><td>Ro\u010dn\u00e9 z\u00fa\u010dtovanie ZP<\/td><td><a href=\"http:\/\/www.rzzp.sk\" target=\"_blank\" rel=\"noreferrer noopener\"><strong><mark style=\"background-color:rgba(0, 0, 0, 0)\" class=\"has-inline-color has-custom-color-1-color\">www.rzzp.sk<\/mark><\/strong><\/a><\/td><\/tr><\/tbody><\/table><\/figure>\n\n\n\n<p>&nbsp;<\/p>\n","protected":false},"excerpt":{"rendered":"<p>Finan\u010dn\u00fd poradca www.financegov.sk Da\u0148ov\u00e9 riadite\u013estvo www.financnasprava.sk Soci\u00e1lna pois\u0165ov\u0148a www.socpoist.sk V\u0160ZP, a.s. www.vszp.sk D\u00f4vera ZP,a.s. www.dovera.sk Union ZP,a.s. www.unionzp.sk Zbierky z\u00e1konov www.zbierka.sk Obchodn\u00fd register SR www.orsr.sk \u017divnostensk\u00fd register SR www.zrsr.sk Obchodn\u00fd vestn\u00edk www.justicegov.sk Poradca podnikate\u013ea www.i-poradca.sk Poradca s.r.o. www.epi.sk Ro\u010dn\u00e9 z\u00fa\u010dtovanie ZP www.rzzp.sk &nbsp;<\/p>\n","protected":false},"author":2,"featured_media":0,"parent":0,"menu_order":0,"comment_status":"closed","ping_status":"closed","template":"","meta":{"_themeisle_gutenberg_block_has_review":false,"footnotes":""},"class_list":["post-28","page","type-page","status-publish","hentry"],"yoast_head":"<!-- This site is optimized with the Yoast SEO plugin v23.4 - https:\/\/yoast.com\/wordpress\/plugins\/seo\/ -->\n<title>D\u00d4LE\u017dIT\u00c9 LINKY -<\/title>\n<meta name=\"robots\" content=\"index, follow, max-snippet:-1, max-image-preview:large, max-video-preview:-1\" \/>\n<link rel=\"canonical\" href=\"http:\/\/www.hanaconsult.sk\/hana\/dolezite-linky\/\" \/>\n<meta property=\"og:locale\" content=\"sk_SK\" \/>\n<meta property=\"og:type\" content=\"article\" \/>\n<meta property=\"og:title\" content=\"D\u00d4LE\u017dIT\u00c9 LINKY -\" \/>\n<meta property=\"og:description\" content=\"Finan\u010dn\u00fd poradca www.financegov.sk Da\u0148ov\u00e9 riadite\u013estvo www.financnasprava.sk Soci\u00e1lna pois\u0165ov\u0148a www.socpoist.sk V\u0160ZP, a.s. www.vszp.sk D\u00f4vera ZP,a.s. www.dovera.sk Union ZP,a.s. www.unionzp.sk Zbierky z\u00e1konov www.zbierka.sk Obchodn\u00fd register SR www.orsr.sk \u017divnostensk\u00fd register SR www.zrsr.sk Obchodn\u00fd vestn\u00edk www.justicegov.sk Poradca podnikate\u013ea www.i-poradca.sk Poradca s.r.o. www.epi.sk Ro\u010dn\u00e9 z\u00fa\u010dtovanie ZP www.rzzp.sk &nbsp;\" \/>\n<meta property=\"og:url\" content=\"http:\/\/www.hanaconsult.sk\/hana\/dolezite-linky\/\" \/>\n<meta property=\"article:modified_time\" content=\"2024-09-25T09:39:32+00:00\" \/>\n<meta name=\"twitter:card\" content=\"summary_large_image\" \/>\n<meta name=\"twitter:label1\" content=\"Predpokladan\u00fd \u010das \u010d\u00edtania\" \/>\n\t<meta name=\"twitter:data1\" content=\"1 min\u00fata\" \/>\n<script type=\"application\/ld+json\" class=\"yoast-schema-graph\">{\"@context\":\"https:\/\/schema.org\",\"@graph\":[{\"@type\":\"WebPage\",\"@id\":\"http:\/\/www.hanaconsult.sk\/hana\/dolezite-linky\/\",\"url\":\"http:\/\/www.hanaconsult.sk\/hana\/dolezite-linky\/\",\"name\":\"D\u00d4LE\u017dIT\u00c9 LINKY -\",\"isPartOf\":{\"@id\":\"http:\/\/www.hanaconsult.sk\/hana\/#website\"},\"datePublished\":\"2014-09-28T11:37:52+00:00\",\"dateModified\":\"2024-09-25T09:39:32+00:00\",\"breadcrumb\":{\"@id\":\"http:\/\/www.hanaconsult.sk\/hana\/dolezite-linky\/#breadcrumb\"},\"inLanguage\":\"sk-SK\",\"potentialAction\":[{\"@type\":\"ReadAction\",\"target\":[\"http:\/\/www.hanaconsult.sk\/hana\/dolezite-linky\/\"]}]},{\"@type\":\"BreadcrumbList\",\"@id\":\"http:\/\/www.hanaconsult.sk\/hana\/dolezite-linky\/#breadcrumb\",\"itemListElement\":[{\"@type\":\"ListItem\",\"position\":1,\"name\":\"Domovsk\u00e1 str\u00e1nka\",\"item\":\"http:\/\/www.hanaconsult.sk\/hana\/\"},{\"@type\":\"ListItem\",\"position\":2,\"name\":\"D\u00d4LE\u017dIT\u00c9 LINKY\"}]},{\"@type\":\"WebSite\",\"@id\":\"http:\/\/www.hanaconsult.sk\/hana\/#website\",\"url\":\"http:\/\/www.hanaconsult.sk\/hana\/\",\"name\":\"\",\"description\":\"\",\"potentialAction\":[{\"@type\":\"SearchAction\",\"target\":{\"@type\":\"EntryPoint\",\"urlTemplate\":\"http:\/\/www.hanaconsult.sk\/hana\/?s={search_term_string}\"},\"query-input\":{\"@type\":\"PropertyValueSpecification\",\"valueRequired\":true,\"valueName\":\"search_term_string\"}}],\"inLanguage\":\"sk-SK\"}]}<\/script>\n<!-- \/ Yoast SEO plugin. -->","yoast_head_json":{"title":"D\u00d4LE\u017dIT\u00c9 LINKY -","robots":{"index":"index","follow":"follow","max-snippet":"max-snippet:-1","max-image-preview":"max-image-preview:large","max-video-preview":"max-video-preview:-1"},"canonical":"http:\/\/www.hanaconsult.sk\/hana\/dolezite-linky\/","og_locale":"sk_SK","og_type":"article","og_title":"D\u00d4LE\u017dIT\u00c9 LINKY -","og_description":"Finan\u010dn\u00fd poradca www.financegov.sk Da\u0148ov\u00e9 riadite\u013estvo www.financnasprava.sk Soci\u00e1lna pois\u0165ov\u0148a www.socpoist.sk V\u0160ZP, a.s. www.vszp.sk D\u00f4vera ZP,a.s. www.dovera.sk Union ZP,a.s. www.unionzp.sk Zbierky z\u00e1konov www.zbierka.sk Obchodn\u00fd register SR www.orsr.sk \u017divnostensk\u00fd register SR www.zrsr.sk Obchodn\u00fd vestn\u00edk www.justicegov.sk Poradca podnikate\u013ea www.i-poradca.sk Poradca s.r.o. www.epi.sk Ro\u010dn\u00e9 z\u00fa\u010dtovanie ZP www.rzzp.sk &nbsp;","og_url":"http:\/\/www.hanaconsult.sk\/hana\/dolezite-linky\/","article_modified_time":"2024-09-25T09:39:32+00:00","twitter_card":"summary_large_image","twitter_misc":{"Predpokladan\u00fd \u010das \u010d\u00edtania":"1 min\u00fata"},"schema":{"@context":"https:\/\/schema.org","@graph":[{"@type":"WebPage","@id":"http:\/\/www.hanaconsult.sk\/hana\/dolezite-linky\/","url":"http:\/\/www.hanaconsult.sk\/hana\/dolezite-linky\/","name":"D\u00d4LE\u017dIT\u00c9 LINKY -","isPartOf":{"@id":"http:\/\/www.hanaconsult.sk\/hana\/#website"},"datePublished":"2014-09-28T11:37:52+00:00","dateModified":"2024-09-25T09:39:32+00:00","breadcrumb":{"@id":"http:\/\/www.hanaconsult.sk\/hana\/dolezite-linky\/#breadcrumb"},"inLanguage":"sk-SK","potentialAction":[{"@type":"ReadAction","target":["http:\/\/www.hanaconsult.sk\/hana\/dolezite-linky\/"]}]},{"@type":"BreadcrumbList","@id":"http:\/\/www.hanaconsult.sk\/hana\/dolezite-linky\/#breadcrumb","itemListElement":[{"@type":"ListItem","position":1,"name":"Domovsk\u00e1 str\u00e1nka","item":"http:\/\/www.hanaconsult.sk\/hana\/"},{"@type":"ListItem","position":2,"name":"D\u00d4LE\u017dIT\u00c9 LINKY"}]},{"@type":"WebSite","@id":"http:\/\/www.hanaconsult.sk\/hana\/#website","url":"http:\/\/www.hanaconsult.sk\/hana\/","name":"","description":"","potentialAction":[{"@type":"SearchAction","target":{"@type":"EntryPoint","urlTemplate":"http:\/\/www.hanaconsult.sk\/hana\/?s={search_term_string}"},"query-input":{"@type":"PropertyValueSpecification","valueRequired":true,"valueName":"search_term_string"}}],"inLanguage":"sk-SK"}]}},"_links":{"self":[{"href":"http:\/\/www.hanaconsult.sk\/hana\/wp-json\/wp\/v2\/pages\/28"}],"collection":[{"href":"http:\/\/www.hanaconsult.sk\/hana\/wp-json\/wp\/v2\/pages"}],"about":[{"href":"http:\/\/www.hanaconsult.sk\/hana\/wp-json\/wp\/v2\/types\/page"}],"author":[{"embeddable":true,"href":"http:\/\/www.hanaconsult.sk\/hana\/wp-json\/wp\/v2\/users\/2"}],"replies":[{"embeddable":true,"href":"http:\/\/www.hanaconsult.sk\/hana\/wp-json\/wp\/v2\/comments?post=28"}],"version-history":[{"count":31,"href":"http:\/\/www.hanaconsult.sk\/hana\/wp-json\/wp\/v2\/pages\/28\/revisions"}],"predecessor-version":[{"id":631,"href":"http:\/\/www.hanaconsult.sk\/hana\/wp-json\/wp\/v2\/pages\/28\/revisions\/631"}],"wp:attachment":[{"href":"http:\/\/www.hanaconsult.sk\/hana\/wp-json\/wp\/v2\/media?parent=28"}],"curies":[{"name":"wp","href":"https:\/\/api.w.org\/{rel}","templated":true}]}}