{"id":26,"date":"2014-09-28T13:36:25","date_gmt":"2014-09-28T11:36:25","guid":{"rendered":"http:\/\/www.mdv.sk\/hana\/?page_id=26"},"modified":"2024-09-25T10:44:51","modified_gmt":"2024-09-25T08:44:51","slug":"cennik","status":"publish","type":"page","link":"http:\/\/www.hanaconsult.sk\/hana\/cennik\/","title":{"rendered":"CENN\u00cdK"},"content":{"rendered":"\n<div class=\"wp-block-columns alignwide has-custom-color-2-background-color has-background is-layout-flex wp-container-core-columns-is-layout-1 wp-block-columns-is-layout-flex\">\n<div class=\"wp-block-column is-layout-flow wp-block-column-is-layout-flow\">\n<p class=\"has-text-align-center has-base-2-color has-text-color has-link-color has-body-font-family wp-elements-b40afc25e5f24a04800a3f75cfe509dc\" style=\"padding-top:var(--wp--preset--spacing--20);padding-right:var(--wp--preset--spacing--30);padding-bottom:var(--wp--preset--spacing--50);padding-left:var(--wp--preset--spacing--30);line-height:1.7\">Ceny s\u00fa stanoven\u00e9 na z\u00e1klade p\u00edsomnej dohody s&nbsp;klientom v&nbsp;z\u00e1vislosti od rozsahu, charakteru a&nbsp;n\u00e1ro\u010dnosti slu\u017eieb. Pri dohode je mo\u017enos\u0165 tvorby ceny pevnou pau\u0161\u00e1lnou mesa\u010dnou sumou alebo cenou za ka\u017ed\u00fd \u00fa\u010dtovn\u00fd z\u00e1pis. V&nbsp;cene sa zoh\u013ead\u0148uje ekonomick\u00e9 a&nbsp;\u00fa\u010dtovn\u00e9 poradenstvo, spracovanie \u00fa\u010dtovn\u00fdch z\u00e1vierok a da\u0148ov\u00e9ho priznania a&nbsp;tie\u017e zastupovanie pri komunik\u00e1cii s&nbsp;da\u0148ov\u00fdm \u00faradom a&nbsp;in\u00fdmi in\u0161tit\u00faciami. Na\u0161a spolo\u010dnos\u0165 sa sna\u017e\u00ed stanovi\u0165 ceny \u010do najv\u00fdhodnej\u0161ie pre klienta v&nbsp;z\u00e1vislosti od charakteru ,n\u00e1ro\u010dnosti a&nbsp;rozsahu slu\u017eieb a&nbsp;tie\u017e od mno\u017estva , pripravenosti a&nbsp;spracovania podkladov. Na z\u00e1klade Vami poskytnut\u00fdch inform\u00e1cii o&nbsp;Va\u0161ej spolo\u010dnosti a&nbsp;o&nbsp;po\u010dte \u00fa\u010dtovn\u00fdch dokladov za ur\u010dit\u00e9 obdobie V\u00e1m vypracujeme podrobn\u00fa cenov\u00fa ponuku.<\/p>\n<\/div>\n<\/div>\n\n\n\n<p><\/p>\n","protected":false},"excerpt":{"rendered":"<p>Ceny s\u00fa stanoven\u00e9 na z\u00e1klade p\u00edsomnej dohody s&nbsp;klientom v&nbsp;z\u00e1vislosti od rozsahu, charakteru a&nbsp;n\u00e1ro\u010dnosti slu\u017eieb. Pri dohode je mo\u017enos\u0165 tvorby ceny pevnou pau\u0161\u00e1lnou mesa\u010dnou sumou alebo cenou za ka\u017ed\u00fd \u00fa\u010dtovn\u00fd z\u00e1pis. V&nbsp;cene sa zoh\u013ead\u0148uje ekonomick\u00e9 a&nbsp;\u00fa\u010dtovn\u00e9 poradenstvo, spracovanie \u00fa\u010dtovn\u00fdch z\u00e1vierok a da\u0148ov\u00e9ho priznania a&nbsp;tie\u017e zastupovanie pri komunik\u00e1cii s&nbsp;da\u0148ov\u00fdm \u00faradom a&nbsp;in\u00fdmi in\u0161tit\u00faciami. Na\u0161a spolo\u010dnos\u0165 sa sna\u017e\u00ed stanovi\u0165 [&hellip;]<\/p>\n","protected":false},"author":2,"featured_media":0,"parent":0,"menu_order":0,"comment_status":"closed","ping_status":"closed","template":"sede","meta":{"_themeisle_gutenberg_block_has_review":false,"footnotes":""},"class_list":["post-26","page","type-page","status-publish","hentry"],"yoast_head":"<!-- This site is optimized with the Yoast SEO plugin v23.4 - https:\/\/yoast.com\/wordpress\/plugins\/seo\/ -->\n<title>CENN\u00cdK -<\/title>\n<meta name=\"robots\" content=\"index, follow, max-snippet:-1, max-image-preview:large, max-video-preview:-1\" \/>\n<link rel=\"canonical\" href=\"http:\/\/www.hanaconsult.sk\/hana\/cennik\/\" \/>\n<meta property=\"og:locale\" content=\"sk_SK\" \/>\n<meta property=\"og:type\" content=\"article\" \/>\n<meta property=\"og:title\" content=\"CENN\u00cdK -\" \/>\n<meta property=\"og:description\" content=\"Ceny s\u00fa stanoven\u00e9 na z\u00e1klade p\u00edsomnej dohody s&nbsp;klientom v&nbsp;z\u00e1vislosti od rozsahu, charakteru a&nbsp;n\u00e1ro\u010dnosti slu\u017eieb. Pri dohode je mo\u017enos\u0165 tvorby ceny pevnou pau\u0161\u00e1lnou mesa\u010dnou sumou alebo cenou za ka\u017ed\u00fd \u00fa\u010dtovn\u00fd z\u00e1pis. V&nbsp;cene sa zoh\u013ead\u0148uje ekonomick\u00e9 a&nbsp;\u00fa\u010dtovn\u00e9 poradenstvo, spracovanie \u00fa\u010dtovn\u00fdch z\u00e1vierok a da\u0148ov\u00e9ho priznania a&nbsp;tie\u017e zastupovanie pri komunik\u00e1cii s&nbsp;da\u0148ov\u00fdm \u00faradom a&nbsp;in\u00fdmi in\u0161tit\u00faciami. Na\u0161a spolo\u010dnos\u0165 sa sna\u017e\u00ed stanovi\u0165 [&hellip;]\" \/>\n<meta property=\"og:url\" content=\"http:\/\/www.hanaconsult.sk\/hana\/cennik\/\" \/>\n<meta property=\"article:modified_time\" content=\"2024-09-25T08:44:51+00:00\" \/>\n<meta name=\"twitter:card\" content=\"summary_large_image\" \/>\n<meta name=\"twitter:label1\" content=\"Predpokladan\u00fd \u010das \u010d\u00edtania\" \/>\n\t<meta name=\"twitter:data1\" content=\"1 min\u00fata\" \/>\n<script type=\"application\/ld+json\" class=\"yoast-schema-graph\">{\"@context\":\"https:\/\/schema.org\",\"@graph\":[{\"@type\":\"WebPage\",\"@id\":\"http:\/\/www.hanaconsult.sk\/hana\/cennik\/\",\"url\":\"http:\/\/www.hanaconsult.sk\/hana\/cennik\/\",\"name\":\"CENN\u00cdK -\",\"isPartOf\":{\"@id\":\"http:\/\/www.hanaconsult.sk\/hana\/#website\"},\"datePublished\":\"2014-09-28T11:36:25+00:00\",\"dateModified\":\"2024-09-25T08:44:51+00:00\",\"breadcrumb\":{\"@id\":\"http:\/\/www.hanaconsult.sk\/hana\/cennik\/#breadcrumb\"},\"inLanguage\":\"sk-SK\",\"potentialAction\":[{\"@type\":\"ReadAction\",\"target\":[\"http:\/\/www.hanaconsult.sk\/hana\/cennik\/\"]}]},{\"@type\":\"BreadcrumbList\",\"@id\":\"http:\/\/www.hanaconsult.sk\/hana\/cennik\/#breadcrumb\",\"itemListElement\":[{\"@type\":\"ListItem\",\"position\":1,\"name\":\"Domovsk\u00e1 str\u00e1nka\",\"item\":\"http:\/\/www.hanaconsult.sk\/hana\/\"},{\"@type\":\"ListItem\",\"position\":2,\"name\":\"CENN\u00cdK\"}]},{\"@type\":\"WebSite\",\"@id\":\"http:\/\/www.hanaconsult.sk\/hana\/#website\",\"url\":\"http:\/\/www.hanaconsult.sk\/hana\/\",\"name\":\"\",\"description\":\"\",\"potentialAction\":[{\"@type\":\"SearchAction\",\"target\":{\"@type\":\"EntryPoint\",\"urlTemplate\":\"http:\/\/www.hanaconsult.sk\/hana\/?s={search_term_string}\"},\"query-input\":{\"@type\":\"PropertyValueSpecification\",\"valueRequired\":true,\"valueName\":\"search_term_string\"}}],\"inLanguage\":\"sk-SK\"}]}<\/script>\n<!-- \/ Yoast SEO plugin. -->","yoast_head_json":{"title":"CENN\u00cdK -","robots":{"index":"index","follow":"follow","max-snippet":"max-snippet:-1","max-image-preview":"max-image-preview:large","max-video-preview":"max-video-preview:-1"},"canonical":"http:\/\/www.hanaconsult.sk\/hana\/cennik\/","og_locale":"sk_SK","og_type":"article","og_title":"CENN\u00cdK -","og_description":"Ceny s\u00fa stanoven\u00e9 na z\u00e1klade p\u00edsomnej dohody s&nbsp;klientom v&nbsp;z\u00e1vislosti od rozsahu, charakteru a&nbsp;n\u00e1ro\u010dnosti slu\u017eieb. Pri dohode je mo\u017enos\u0165 tvorby ceny pevnou pau\u0161\u00e1lnou mesa\u010dnou sumou alebo cenou za ka\u017ed\u00fd \u00fa\u010dtovn\u00fd z\u00e1pis. V&nbsp;cene sa zoh\u013ead\u0148uje ekonomick\u00e9 a&nbsp;\u00fa\u010dtovn\u00e9 poradenstvo, spracovanie \u00fa\u010dtovn\u00fdch z\u00e1vierok a da\u0148ov\u00e9ho priznania a&nbsp;tie\u017e zastupovanie pri komunik\u00e1cii s&nbsp;da\u0148ov\u00fdm \u00faradom a&nbsp;in\u00fdmi in\u0161tit\u00faciami. Na\u0161a spolo\u010dnos\u0165 sa sna\u017e\u00ed stanovi\u0165 [&hellip;]","og_url":"http:\/\/www.hanaconsult.sk\/hana\/cennik\/","article_modified_time":"2024-09-25T08:44:51+00:00","twitter_card":"summary_large_image","twitter_misc":{"Predpokladan\u00fd \u010das \u010d\u00edtania":"1 min\u00fata"},"schema":{"@context":"https:\/\/schema.org","@graph":[{"@type":"WebPage","@id":"http:\/\/www.hanaconsult.sk\/hana\/cennik\/","url":"http:\/\/www.hanaconsult.sk\/hana\/cennik\/","name":"CENN\u00cdK -","isPartOf":{"@id":"http:\/\/www.hanaconsult.sk\/hana\/#website"},"datePublished":"2014-09-28T11:36:25+00:00","dateModified":"2024-09-25T08:44:51+00:00","breadcrumb":{"@id":"http:\/\/www.hanaconsult.sk\/hana\/cennik\/#breadcrumb"},"inLanguage":"sk-SK","potentialAction":[{"@type":"ReadAction","target":["http:\/\/www.hanaconsult.sk\/hana\/cennik\/"]}]},{"@type":"BreadcrumbList","@id":"http:\/\/www.hanaconsult.sk\/hana\/cennik\/#breadcrumb","itemListElement":[{"@type":"ListItem","position":1,"name":"Domovsk\u00e1 str\u00e1nka","item":"http:\/\/www.hanaconsult.sk\/hana\/"},{"@type":"ListItem","position":2,"name":"CENN\u00cdK"}]},{"@type":"WebSite","@id":"http:\/\/www.hanaconsult.sk\/hana\/#website","url":"http:\/\/www.hanaconsult.sk\/hana\/","name":"","description":"","potentialAction":[{"@type":"SearchAction","target":{"@type":"EntryPoint","urlTemplate":"http:\/\/www.hanaconsult.sk\/hana\/?s={search_term_string}"},"query-input":{"@type":"PropertyValueSpecification","valueRequired":true,"valueName":"search_term_string"}}],"inLanguage":"sk-SK"}]}},"_links":{"self":[{"href":"http:\/\/www.hanaconsult.sk\/hana\/wp-json\/wp\/v2\/pages\/26"}],"collection":[{"href":"http:\/\/www.hanaconsult.sk\/hana\/wp-json\/wp\/v2\/pages"}],"about":[{"href":"http:\/\/www.hanaconsult.sk\/hana\/wp-json\/wp\/v2\/types\/page"}],"author":[{"embeddable":true,"href":"http:\/\/www.hanaconsult.sk\/hana\/wp-json\/wp\/v2\/users\/2"}],"replies":[{"embeddable":true,"href":"http:\/\/www.hanaconsult.sk\/hana\/wp-json\/wp\/v2\/comments?post=26"}],"version-history":[{"count":10,"href":"http:\/\/www.hanaconsult.sk\/hana\/wp-json\/wp\/v2\/pages\/26\/revisions"}],"predecessor-version":[{"id":609,"href":"http:\/\/www.hanaconsult.sk\/hana\/wp-json\/wp\/v2\/pages\/26\/revisions\/609"}],"wp:attachment":[{"href":"http:\/\/www.hanaconsult.sk\/hana\/wp-json\/wp\/v2\/media?parent=26"}],"curies":[{"name":"wp","href":"https:\/\/api.w.org\/{rel}","templated":true}]}}